{"id":2832,"date":"2015-07-21T14:23:57","date_gmt":"2015-07-21T14:23:57","guid":{"rendered":"http:\/\/costumesajuliette.ca\/?page_id=2832"},"modified":"2016-08-11T15:23:06","modified_gmt":"2016-08-11T15:23:06","slug":"a-propos-de-nous","status":"publish","type":"page","link":"https:\/\/costumesajuliette.ca\/fr\/a-propos-de-nous\/","title":{"rendered":"\u00c0 PROPOS DE NOUS"},"content":{"rendered":"<div class=\"row \">\n<div class=\"span6 \"><h2><strong>HISTORIQUE DE L\u2019ENTREPRISE<\/strong><br \/>\n<span style=\"color: #ffdc63;\">ET CHRONOLOGIE<\/span><\/h2>\n<p><span style=\"color: #ffdc63;\">1989 <\/span>- Tout a commenc\u00e9 en 1989, lorsque Juliette Forgues a ouvert sa boutique dans le sous-sol de la r\u00e9sidence familiale. De fil en aiguille, des centaines d\u2019heures plus tard, plusieurs personnages ont pris vie et peu de temps apr\u00e8s, la boutique prenait de l\u2019expansion.<\/p>\n<p><span style=\"color: #ffdc63;\">AUJOURD\u2019HUI <\/span>- La boutique <span style=\"color: #ffdc63;\">Les Costumes \u00e0 Juliette<\/span> offre la location d\u2019une panoplie de costumes pour tous : enfants, adultes et m\u00eame pour vos animaux de compagnie!.<br \/><\/div>\n<div class=\"span6 \"><h2><strong>NOTRE S\u00c9LECTION <\/strong><br \/>\n<span style=\"color: #ffdc63;\">DE COSTUMES<\/span><\/h2>\n<p>Si vous r\u00eavez de devenir un super h\u00e9ros, de vous d\u00e9guiser comme votre personnage de bande dessin\u00e9e  pr\u00e9f\u00e9r\u00e9e, de voyager autour du monde ou de remonter dans le temps, la boutique de location <span style=\"color: #ffdc63;\">Les Costumes \u00e0 Juliette<\/span> \u00e0 Casselman a tout ce dont il vous faut. <\/p>\n<p>Avec <span style=\"color: #ffdc63;\">PLUS DE 2000 COSTUMES<\/span> \u00e0 louer et un \u00e9ventail d\u2019accessoires dont des perruques, des chapeaux, des souliers, des bijoux et beaucoup plus, vous trouverez les costumes et les accessoires pour toutes les occasions.<br \/><\/div>\n<\/div><!-- .row (end) -->\n","protected":false},"excerpt":{"rendered":"","protected":false},"author":1,"featured_media":0,"parent":0,"menu_order":1,"comment_status":"closed","ping_status":"closed","template":"page-fullwidth.php","meta":[],"yoast_head":"<!-- This site is optimized with the Yoast SEO plugin v15.0 - https:\/\/yoast.com\/wordpress\/plugins\/seo\/ -->\n<meta name=\"robots\" content=\"index, follow, max-snippet:-1, max-image-preview:large, max-video-preview:-1\" \/>\n<link rel=\"canonical\" href=\"https:\/\/costumesajuliette.com\/fr\/a-propos-de-nous\/\" \/>\n<meta property=\"og:locale\" content=\"fr_FR\" \/>\n<meta property=\"og:type\" content=\"article\" \/>\n<meta property=\"og:title\" content=\"\u00c0 PROPOS DE NOUS - Costumes \u00e0 Juliette\" \/>\n<meta property=\"og:url\" content=\"https:\/\/costumesajuliette.com\/fr\/a-propos-de-nous\/\" \/>\n<meta property=\"og:site_name\" content=\"Costumes \u00e0 Juliette\" \/>\n<meta property=\"article:modified_time\" content=\"2016-08-11T15:23:06+00:00\" \/>\n<meta name=\"twitter:card\" content=\"summary_large_image\" \/>\n<script type=\"application\/ld+json\" class=\"yoast-schema-graph\">{\"@context\":\"https:\/\/schema.org\",\"@graph\":[{\"@type\":\"WebSite\",\"@id\":\"https:\/\/costumesajuliette.ca\/fr\/#website\",\"url\":\"https:\/\/costumesajuliette.ca\/fr\/\",\"name\":\"Costumes \\u00e0 Juliette\",\"description\":\"Costumes for all, for all occasions...\",\"potentialAction\":[{\"@type\":\"SearchAction\",\"target\":\"https:\/\/costumesajuliette.ca\/fr\/?s={search_term_string}\",\"query-input\":\"required name=search_term_string\"}],\"inLanguage\":\"fr-FR\"},{\"@type\":\"WebPage\",\"@id\":\"https:\/\/costumesajuliette.com\/fr\/a-propos-de-nous\/#webpage\",\"url\":\"https:\/\/costumesajuliette.com\/fr\/a-propos-de-nous\/\",\"name\":\"\\u00c0 PROPOS DE NOUS - Costumes \\u00e0 Juliette\",\"isPartOf\":{\"@id\":\"https:\/\/costumesajuliette.ca\/fr\/#website\"},\"datePublished\":\"2015-07-21T14:23:57+00:00\",\"dateModified\":\"2016-08-11T15:23:06+00:00\",\"inLanguage\":\"fr-FR\",\"potentialAction\":[{\"@type\":\"ReadAction\",\"target\":[\"https:\/\/costumesajuliette.com\/fr\/a-propos-de-nous\/\"]}]}]}<\/script>\n<!-- \/ Yoast SEO plugin. -->","_links":{"self":[{"href":"https:\/\/costumesajuliette.ca\/fr\/wp-json\/wp\/v2\/pages\/2832\/"}],"collection":[{"href":"https:\/\/costumesajuliette.ca\/fr\/wp-json\/wp\/v2\/pages\/"}],"about":[{"href":"https:\/\/costumesajuliette.ca\/fr\/wp-json\/wp\/v2\/types\/page\/"}],"author":[{"embeddable":true,"href":"https:\/\/costumesajuliette.ca\/fr\/wp-json\/wp\/v2\/users\/1\/"}],"replies":[{"embeddable":true,"href":"https:\/\/costumesajuliette.ca\/fr\/wp-json\/wp\/v2\/comments\/?post=2832"}],"version-history":[{"count":10,"href":"https:\/\/costumesajuliette.ca\/fr\/wp-json\/wp\/v2\/pages\/2832\/revisions\/"}],"predecessor-version":[{"id":3359,"href":"https:\/\/costumesajuliette.ca\/fr\/wp-json\/wp\/v2\/pages\/2832\/revisions\/3359\/"}],"wp:attachment":[{"href":"https:\/\/costumesajuliette.ca\/fr\/wp-json\/wp\/v2\/media\/?parent=2832"}],"curies":[{"name":"wp","href":"https:\/\/api.w.org\/{rel}","templated":true}]}}