{"id":2830,"date":"2015-07-21T14:09:20","date_gmt":"2015-07-21T14:09:20","guid":{"rendered":"http:\/\/costumesajuliette.ca\/?page_id=2830"},"modified":"2019-04-28T14:32:39","modified_gmt":"2019-04-28T18:32:39","slug":"nous-joindre","status":"publish","type":"page","link":"https:\/\/costumesajuliette.ca\/fr\/nous-joindre\/","title":{"rendered":"Nous joindre"},"content":{"rendered":"<div class=\"row \">\n<div class=\"span5 \"><iframe style=\"border: 0;\" src=\"https:\/\/www.google.com\/maps\/embed?pb=!1m18!1m12!1m3!1d2805.6873807643647!2d-75.08858828436203!3d45.31474029227285!2m3!1f0!2f0!3f0!3m2!1i1024!2i768!4f13.1!3m3!1m2!1s0x4cce7df0a6b13eab%3A0x3411083b4b9a4f35!2s765+Principale+St%2C+Casselman%2C+ON+K0A+1M0!5e0!3m2!1sen!2sca!4v1470928554050\" width=\"600\" height=\"450\" frameborder=\"0\" allowfullscreen=\"allowfullscreen\"><\/iframe><br \/><\/div>\n<div class=\"span3 \"><h2>Nos coordonn\u00e9es<\/h2>\n<h5>LA BOUTIQUE EST OUVERTE SUR RENDEZ-VOUS SEULEMENT<\/h5>\n<p>Pour vous assurer d\u2019avoir le costume que vous souhaitez, vous pouvez le r\u00e9server \u00e0 l\u2019avance. Vous pouvez nous joindre par t\u00e9l\u00e9phone, courriel ou en remplissant le formulaire de demande sur la pr\u00e9sente page. Nous communiquerons avec vous le plus rapidement possible.<br \/>\n<address>\n<h5>Notre adresse<\/h5>\n<p><strong>Les Costumes \u00e0 Juliette<\/strong><br \/>\n765, rue Principale<br \/>\nCasselman, ON, K0A 1M0<br \/>\nT\u00e9l\u00e9phone: 613.818.2990<br \/>\nCourriel: <a href=\"costumesjuliette@hotmail.com\">costumesjuliette@hotmail.com<\/a><br \/>\n<\/address><!-- address (end) --><\/div>\n<div class=\"span4 \"><h2>Formulaire pour nous rejoindre<\/h2>\n<div role=\"form\" class=\"wpcf7\" id=\"wpcf7-f2827-o1\" dir=\"ltr\">\n<div class=\"screen-reader-response\" role=\"alert\" aria-live=\"polite\"><\/div>\n<form action=\"\/fr\/wp-json\/wp\/v2\/pages\/2830\/#wpcf7-f2827-o1\" method=\"post\" class=\"wpcf7-form init\" novalidate=\"novalidate\">\n<div style=\"display: none;\">\n<input type=\"hidden\" name=\"_wpcf7\" value=\"2827\" \/>\n<input type=\"hidden\" name=\"_wpcf7_version\" value=\"5.2.2\" \/>\n<input type=\"hidden\" name=\"_wpcf7_locale\" value=\"\" \/>\n<input type=\"hidden\" name=\"_wpcf7_unit_tag\" value=\"wpcf7-f2827-o1\" \/>\n<input type=\"hidden\" name=\"_wpcf7_container_post\" value=\"0\" \/>\n<input type=\"hidden\" name=\"_wpcf7_posted_data_hash\" value=\"\" \/>\n<\/div>\n<div class=\"row-fluid\">\n<p class=\"field\"><span class=\"wpcf7-form-control-wrap your-name\"><input type=\"text\" name=\"your-name\" value=\"\" size=\"40\" class=\"wpcf7-form-control wpcf7-text wpcf7-validates-as-required\" aria-required=\"true\" aria-invalid=\"false\" placeholder=\"Nom:\" \/><\/span> <\/p>\n<p class=\"field\"><span class=\"wpcf7-form-control-wrap your-email\"><input type=\"email\" name=\"your-email\" value=\"\" size=\"40\" class=\"wpcf7-form-control wpcf7-text wpcf7-email wpcf7-validates-as-required wpcf7-validates-as-email\" aria-required=\"true\" aria-invalid=\"false\" placeholder=\"Courriel:\" \/><\/span> <\/p>\n<p class=\"field\"><span class=\"wpcf7-form-control-wrap your-phone\"><input type=\"text\" name=\"your-phone\" value=\"\" size=\"40\" class=\"wpcf7-form-control wpcf7-text\" aria-invalid=\"false\" placeholder=\"T\u00e9l\u00e9phone:\" \/><\/span> <\/p>\n<\/div>\n<p class=\"field\"><span class=\"wpcf7-form-control-wrap your-message\"><textarea name=\"your-message\" cols=\"40\" rows=\"10\" class=\"wpcf7-form-control wpcf7-textarea\" aria-invalid=\"false\" placeholder=\"Message:\"><\/textarea><\/span> <\/p>\n<p><input type=\"hidden\" name=\"_wpcf7_captcha_challenge_captcha-673\" value=\"2587717533\" \/><img class=\"wpcf7-form-control wpcf7-captchac wpcf7-captcha-captcha-673\" width=\"72\" height=\"24\" alt=\"captcha\" src=\"https:\/\/costumesajuliette.ca\/wp-content\/uploads\/wpcf7_captcha\/2587717533.png\" \/><span class=\"wpcf7-form-control-wrap captcha-673\"><input type=\"text\" name=\"captcha-673\" value=\"\" size=\"40\" class=\"wpcf7-form-control wpcf7-captchar\" autocomplete=\"off\" aria-invalid=\"false\" placeholder=\"Entrer le code CAPTCHA:\" \/><\/span><\/p>\n<p class=\"submit-wrap\"><input type=\"reset\" value=\"effacer\" class=\"btn btn-primary\" \/><input type=\"submit\" value=\"envoyer\" class=\"wpcf7-form-control wpcf7-submit btn btn-primary\" \/><\/p>\n<div class=\"wpcf7-response-output\" role=\"alert\" aria-hidden=\"true\"><\/div><\/form><\/div><\/div>\n<\/div><!-- .row (end) -->\n","protected":false},"excerpt":{"rendered":"","protected":false},"author":1,"featured_media":0,"parent":0,"menu_order":4,"comment_status":"closed","ping_status":"closed","template":"page-fullwidth.php","meta":[],"yoast_head":"<!-- This site is optimized with the Yoast SEO plugin v15.0 - https:\/\/yoast.com\/wordpress\/plugins\/seo\/ -->\n<meta name=\"robots\" content=\"index, follow, max-snippet:-1, max-image-preview:large, max-video-preview:-1\" \/>\n<link rel=\"canonical\" href=\"https:\/\/costumesajuliette.com\/fr\/nous-joindre\/\" \/>\n<meta property=\"og:locale\" content=\"fr_FR\" \/>\n<meta property=\"og:type\" content=\"article\" \/>\n<meta property=\"og:title\" content=\"Nous joindre - Costumes \u00e0 Juliette\" \/>\n<meta property=\"og:url\" content=\"https:\/\/costumesajuliette.com\/fr\/nous-joindre\/\" \/>\n<meta property=\"og:site_name\" content=\"Costumes \u00e0 Juliette\" \/>\n<meta property=\"article:modified_time\" content=\"2019-04-28T18:32:39+00:00\" \/>\n<meta name=\"twitter:card\" content=\"summary_large_image\" \/>\n<script type=\"application\/ld+json\" class=\"yoast-schema-graph\">{\"@context\":\"https:\/\/schema.org\",\"@graph\":[{\"@type\":\"WebSite\",\"@id\":\"https:\/\/costumesajuliette.ca\/fr\/#website\",\"url\":\"https:\/\/costumesajuliette.ca\/fr\/\",\"name\":\"Costumes \\u00e0 Juliette\",\"description\":\"Costumes for all, for all occasions...\",\"potentialAction\":[{\"@type\":\"SearchAction\",\"target\":\"https:\/\/costumesajuliette.ca\/fr\/?s={search_term_string}\",\"query-input\":\"required name=search_term_string\"}],\"inLanguage\":\"fr-FR\"},{\"@type\":\"WebPage\",\"@id\":\"https:\/\/costumesajuliette.com\/fr\/nous-joindre\/#webpage\",\"url\":\"https:\/\/costumesajuliette.com\/fr\/nous-joindre\/\",\"name\":\"Nous joindre - Costumes \\u00e0 Juliette\",\"isPartOf\":{\"@id\":\"https:\/\/costumesajuliette.ca\/fr\/#website\"},\"datePublished\":\"2015-07-21T14:09:20+00:00\",\"dateModified\":\"2019-04-28T18:32:39+00:00\",\"inLanguage\":\"fr-FR\",\"potentialAction\":[{\"@type\":\"ReadAction\",\"target\":[\"https:\/\/costumesajuliette.com\/fr\/nous-joindre\/\"]}]}]}<\/script>\n<!-- \/ Yoast SEO plugin. -->","_links":{"self":[{"href":"https:\/\/costumesajuliette.ca\/fr\/wp-json\/wp\/v2\/pages\/2830\/"}],"collection":[{"href":"https:\/\/costumesajuliette.ca\/fr\/wp-json\/wp\/v2\/pages\/"}],"about":[{"href":"https:\/\/costumesajuliette.ca\/fr\/wp-json\/wp\/v2\/types\/page\/"}],"author":[{"embeddable":true,"href":"https:\/\/costumesajuliette.ca\/fr\/wp-json\/wp\/v2\/users\/1\/"}],"replies":[{"embeddable":true,"href":"https:\/\/costumesajuliette.ca\/fr\/wp-json\/wp\/v2\/comments\/?post=2830"}],"version-history":[{"count":4,"href":"https:\/\/costumesajuliette.ca\/fr\/wp-json\/wp\/v2\/pages\/2830\/revisions\/"}],"predecessor-version":[{"id":3386,"href":"https:\/\/costumesajuliette.ca\/fr\/wp-json\/wp\/v2\/pages\/2830\/revisions\/3386\/"}],"wp:attachment":[{"href":"https:\/\/costumesajuliette.ca\/fr\/wp-json\/wp\/v2\/media\/?parent=2830"}],"curies":[{"name":"wp","href":"https:\/\/api.w.org\/{rel}","templated":true}]}}